{"id":3,"date":"2020-05-30T23:03:41","date_gmt":"2020-05-30T23:03:41","guid":{"rendered":"https:\/\/www.magdalenakrych.com\/?page_id=3"},"modified":"2023-10-14T19:20:50","modified_gmt":"2023-10-14T19:20:50","slug":"privacy-policy","status":"publish","type":"page","link":"https:\/\/www.magdalenakrych.com\/index.php\/privacy-policy\/","title":{"rendered":"Polityka Prywatno\u015bci"},"content":{"rendered":"\n<h3 class=\"wp-block-heading\"><strong>Definicje<\/strong><\/h3>\n\n\n\n<p>Administrator danych osobowych (dalej \u201eAdministrator\u201d) \u2013 EMBRACE THE PARADOX Magdalena Krych prowadz\u0105ca us\u0142ugi online pod adresem internetowym https:\/\/www.magdalenakrych.com<\/p>\n\n\n\n<p>Dane osobowe \u2013 wszystkie informacje o osobie fizycznej zidentyfikowanej lub mo\u017cliwej do zidentyfikowania poprzez jeden b\u0105d\u017a kilka szczeg\u00f3lnych czynnik\u00f3w okre\u015blaj\u0105cych fizyczn\u0105, fizjologiczn\u0105, genetyczn\u0105, psychiczn\u0105, ekonomiczn\u0105, kulturow\u0105 lub spo\u0142eczn\u0105 to\u017csamo\u015b\u0107, w tym IP urz\u0105dzenia, dane o lokalizacji, identyfikator internetowy oraz informacje gromadzone za po\u015brednictwem plik\u00f3w cookie oraz innej podobnej technologii;<\/p>\n\n\n\n<p>Polityka \u2013 niniejsza Polityka prywatno\u015bci;<\/p>\n\n\n\n<p>RODO \u2013 Rozporz\u0105dzenie Parlamentu Europejskiego i Rady (UE) 2016\/679 z dnia 27 kwietnia 2016 r. w sprawie ochrony os\u00f3b fizycznych w zwi\u0105zku z przetwarzaniem danych osobowych i w sprawie swobodnego przep\u0142ywu takich danych oraz uchylenia dyrektywy 95\/46\/WE;<\/p>\n\n\n\n<p>Strona \u2013 strona internetowa prowadzona przez Administratora pod adresem&nbsp;<a href=\"https:\/\/www.magdalenakrych.com\/\" data-type=\"URL\" data-id=\"https:\/\/www.magdalenakrych.com\/\">www.magdalenakrych.com<\/a><\/p>\n\n\n\n<p>U\u017cytkownik \u2013 ka\u017cda osoba fizyczna odwiedzaj\u0105ca Stron\u0119;<\/p>\n\n\n\n<p>Klient \u2013 ka\u017cda osoba fizyczna korzystaj\u0105ca z us\u0142ug \u015bwiadczonych przez Administratora za pomoc\u0105 \u015brodk\u00f3w porozumiewania si\u0119 na odleg\u0142o\u015b\u0107.<\/p>\n\n\n\n<h3 class=\"wp-block-heading\">Przetwarzanie danych w zwi\u0105zku z korzystaniem ze strony<\/h3>\n\n\n\n<p>W zwi\u0105zku z korzystaniem przez U\u017cytkownika ze Strony Administrator zbiera informacje o aktywno\u015bci U\u017cytkownika na Stronie za po\u015brednictwem plik\u00f3w cookies. Dane gromadzone za po\u015brednictwem cookies przetwarzane s\u0105 przez Administratora w celach analitycznych i statystycznych \u2013 podstaw\u0105 prawn\u0105 przetwarzania jest uzasadniony interes Administratora (art. 6 ust. 1 lit f RODO) polegaj\u0105cy na prowadzeniu analiz aktywno\u015bci U\u017cytkownik\u00f3w, a tak\u017ce ich preferencji w celu poprawy stosowanych funkcjonalno\u015bci.<\/p>\n\n\n\n<p>Podawanie danych osobowych nie jest potrzebne aby korzysta\u0107 ze Strony.<\/p>\n\n\n\n<p>Cookies to ma\u0142e pliki tekstowe instalowane na urz\u0105dzeniu ko\u0144cowym (komputer, telefon, tablet itp.)&nbsp; U\u017cytkownika przegl\u0105daj\u0105cego Stron\u0119. Cookies zbieraj\u0105 informacje u\u0142atwiaj\u0105ce korzystanie ze strony internetowej \u2013 np. poprzez zapami\u0119tywanie odwiedzin U\u017cytkownika na Stronie i dokonywanych przez niego czynno\u015bci. Zawieraj\u0105 one zazwyczaj nazw\u0119 witryny, z kt\u00f3rej pochodz\u0105, czas ich przechowywania oraz unikalny numer.<\/p>\n\n\n\n<p>Administrator korzysta z plik\u00f3w cookies Google Analytics. S\u0105 to pliki wykorzystywane przez Google LLC w celu analizy sposobu korzystania ze Strony przez U\u017cytkownika, do tworzenia statystyk i raport\u00f3w dotycz\u0105cych funkcjonowania Strony. Google nie wykorzystuje zebranych danych do identyfikacji U\u017cytkownika ani nie \u0142\u0105czy tych informacji w celu umo\u017cliwienia identyfikacji. Tym samym zbierane s\u0105 jedynie anonimowe dane statystyczne o u\u017cytkownikach. Szczeg\u00f3\u0142owe informacje o zakresie i zasadach zbierania danych w zwi\u0105zku z t\u0105 us\u0142ug\u0105 mo\u017cna znale\u017a\u0107 pod linkiem: https:\/\/<a href=\"http:\/\/www.google.com\/intl\/pl\/policies\/privacy\/partners\">www.google.com\/intl\/pl\/policies\/privacy\/partners<\/a>.<\/p>\n\n\n\n<h3 class=\"wp-block-heading\">Wycofanie zgody na zbierania danych na Stronie<\/h3>\n\n\n\n<p>Strona korzysta z plik\u00f3w&nbsp;cookies&nbsp;stosownie do dokonanych indywidualnie przez u\u017cytkownika ustawie\u0144 przegl\u0105darki, zainstalowanej w wykorzystywanym urz\u0105dzeniu. W wielu przegl\u0105darkach obs\u0142uga&nbsp;plik\u00f3w&nbsp;cookies&nbsp;jest domy\u015blnie w\u0142\u0105czona. U\u017cytkownik Strony mo\u017ce w dowolnym momencie w swojej przegl\u0105darce zmieni\u0107 ustawienia lub wy\u0142\u0105czy\u0107 obs\u0142ug\u0119 plik\u00f3w&nbsp;cookies.<\/p>\n\n\n\n<p>Korzystanie ze Strony z w\u0142\u0105czon\u0105 obs\u0142ug\u0105 plik\u00f3w&nbsp;cookies&nbsp;w przegl\u0105darce oznacza, \u017ce pliki te zapisane b\u0119d\u0105 w pami\u0119ci urz\u0105dzenia u\u017cytkownika.<\/p>\n\n\n\n<p>Wi\u0119cej informacji na temat plik\u00f3w&nbsp;cookies&nbsp;dost\u0119pnych jest w sekcji \u201ePomoc\u201d w menu przegl\u0105darki internetowej u\u017cytkownika lub na poni\u017cszych stronach.<\/p>\n\n\n\n<ul class=\"wp-block-list\">\n<li>Cookies w przegl\u0105darce&nbsp;<a href=\"https:\/\/support.microsoft.com\/pl-pl\/help\/17442\/windows-internet-explorer-delete-manage-cookies\">Internet Explorer<\/a><\/li>\n\n\n\n<li>Cookies w przegl\u0105darce&nbsp;<a href=\"http:\/\/support.google.com\/chrome\/bin\/answer.py?hl=pl&amp;answer=95647\">Chrome<\/a><\/li>\n\n\n\n<li>Cookies w przegl\u0105darce&nbsp;<a href=\"http:\/\/support.mozilla.org\/pl\/kb\/W%C5%82%C4%85czanie%20i%20wy%C5%82%C4%85czanie%20obs%C5%82ugi%20ciasteczek\">Firefox<\/a><\/li>\n\n\n\n<li>Cookies w przegl\u0105darce&nbsp;<a href=\"https:\/\/www.opera.com\/help\/tutorials\/security\/privacy\/\">Opera<\/a><\/li>\n\n\n\n<li>Cookies w przegl\u0105darce&nbsp;<a href=\"https:\/\/support.apple.com\/pl-pl\/guide\/safari\/sfri11471\/mac\">Safari<\/a><\/li>\n<\/ul>\n\n\n\n<p>U\u017cytkownicy, kt\u00f3rzy po zapoznaniu si\u0119 z informacjami dost\u0119pnymi na Stronie, nie chc\u0105, aby pliki&nbsp;cookies&nbsp;pozosta\u0142y zachowane w przegl\u0105darce internetowej urz\u0105dzenia, powinni usun\u0105\u0107 je ze swojej przegl\u0105darki po zako\u0144czeniu wizyty na Stronie.<\/p>\n\n\n\n<h3 class=\"wp-block-heading\">Odwo\u0142ania do innych stron internetowych<\/h3>\n\n\n\n<p>Administrator nie odpowiada za zasady ochrony prywatno\u015bci stosowane przez w\u0142a\u015bcicieli stron, do kt\u00f3rych linki znajduj\u0105 si\u0119 na Stronie Administratora. U\u017cytkownicy proszeni s\u0105 o zapoznanie si\u0119 z tre\u015bci\u0105 o\u015bwiadcze\u0144 o ochronie prywatno\u015bci umieszczonych na tych stronach.<\/p>\n\n\n\n<h3 class=\"wp-block-heading\">Serwisy spo\u0142eczno\u015bciowe<\/h3>\n\n\n\n<p>Administrator przetwarza dane osobowe U\u017cytkownik\u00f3w odwiedzaj\u0105cych profil Administratora prowadzony w serwisie Facebook. Dane te s\u0105 przetwarzane wy\u0142\u0105cznie w zwi\u0105zku z prowadzeniem profilu, w tym w celu udost\u0119pniania tre\u015bci i subskrypcji profilu, informowania U\u017cytkownik\u00f3w o aktywno\u015bci Administratora oraz promowaniu r\u00f3\u017cnego rodzaju wydarze\u0144, us\u0142ug a tak\u017ce w celu komunikacji z u\u017cytkownikami za po\u015brednictwem funkcjonalno\u015bci dost\u0119pnych w mediach spo\u0142eczno\u015bciowych. Podstaw\u0105 prawn\u0105 przetwarzania danych osobowych przez Administratora w tym celu jest jego uzasadniony interes (art. 6 ust. 1 lit. f RODO) polegaj\u0105cy na promowaniu w\u0142asnej marki oraz budowaniu i utrzymaniu spo\u0142eczno\u015bci zwi\u0105zanej z mark\u0105.<\/p>\n\n\n\n<p>Zasady ochrony oraz wykorzystywania danych osobowych przez Serwis Facebook udost\u0119pnione s\u0105 np. na stronie:&nbsp;<a href=\"https:\/\/www.facebook.com\/policy.php\">https:\/\/www.facebook.com\/policy.php<\/a>. Administrator nie ma wp\u0142ywu na tre\u015b\u0107 regulacji prawnych serwisu Facebook, w tym dotycz\u0105cych danych osobowych.<\/p>\n\n\n\n<p>Administrator osadza na Stronie nagrania wideo z serwisu YouTube. Odtworzeniu nagra\u0144 przez U\u017cytkownika towarzyszy wykorzystanie plik\u00f3w cookies sp\u00f3\u0142ki Google dotycz\u0105cych us\u0142ugi YouTube.<\/p>\n\n\n\n<h3 class=\"wp-block-heading\">Przetwarzanie danych w zwi\u0105zku ze \u015bwiadczeniem us\u0142ug<\/h3>\n\n\n\n<p>W zwi\u0105zku ze \u015bwiadczeniem us\u0142ug Klientom, Administrator gromadzi i przetwarza dane w zakresie niezb\u0119dnym do wykonania oferowanych us\u0142ug. Poni\u017cej zosta\u0142y opisane szczeg\u00f3\u0142owe zasady oraz cele przetwarzania danych osobowych Klient\u00f3w.<\/p>\n\n\n\n<h3 class=\"wp-block-heading\">Cele oraz podstawy prawne przetwarzania danych osobowych<\/h3>\n\n\n\n<p>Zakres przetwarzania danych osobowych z zasady zale\u017cy od udzielonej przez Klienta zgody, w&nbsp; szczeg\u00f3lno\u015bci s\u0105 to dane takie jak: imi\u0119, nazwisko, adres, numer telefonu, adres e-mail, identyfikator w us\u0142udze Skype, inne dane udost\u0119pnione przez Klienta.<\/p>\n\n\n\n<p>Dane s\u0105 przetwarzane:<\/p>\n\n\n\n<ul class=\"wp-block-list\">\n<li>w celu \u015bwiadczenia Klientom us\u0142ug, w tym za pomoc\u0105 komunikator\u00f3w internetowych np. Zoom, Skype, w szczeg\u00f3lno\u015bci w celu um\u00f3wienia, potwierdzenia, przypomnienia czy odwo\u0142ania konsultacji\/wizyty, przekazania materia\u0142\u00f3w informacyjnych o us\u0142ugach \u015bwiadczonych przez Administratora, artyku\u0142\u00f3w i opracowa\u0144 o tematyce prozdrowotnej \u2013 podstaw\u0105 prawn\u0105 przetwarzania jest niezb\u0119dno\u015b\u0107 przetwarzania do wykonania umowy (art. 6 ust. 1 lit. b RODO), a w zakresie danych podanych fakultatywnie \u2013 podstaw\u0105 prawn\u0105 przetwarzania jest zgoda (art. 6 ust. 1 lit a RODO),<\/li>\n<\/ul>\n\n\n\n<ul class=\"wp-block-list\">\n<li>w celu ewentualnego ustalenia i dochodzenia roszcze\u0144 lub obrony przed nimi \u2013 podstaw\u0105 prawn\u0105 przetwarzania jest uzasadniony interes Administratora (art. 6 ust. 1 lit f RODO) polegaj\u0105cy na ochronie jego praw,<\/li>\n<\/ul>\n\n\n\n<ul class=\"wp-block-list\">\n<li>w celu realizacji obowi\u0105zk\u00f3w ustawowych ci\u0105\u017c\u0105cych na Administratorze, wynikaj\u0105cych w szczeg\u00f3lno\u015bci z przepis\u00f3w podatkowych i przepis\u00f3w o rachunkowo\u015bci, w szczeg\u00f3lno\u015bci wystawienia dokumentu ksi\u0119gowego (np. faktury, rachunku, noty) \u2013 podstaw\u0105 prawn\u0105 przetwarzania jest obowi\u0105zek prawny (art. 6 ust. 1 lit. c RODO).<\/li>\n<\/ul>\n\n\n\n<p>Wy\u0142\u0105cznie Administrator przetwarza dane osobowe wra\u017cliwe pozyskane podczas procesu terapeutycznego i niezb\u0119dne dla jego prowadzenia.<\/p>\n\n\n\n<h3 class=\"wp-block-heading\">Okres przetwarzania danych osobowych<\/h3>\n\n\n\n<p>Je\u017celi dane s\u0105 przetwarzane w celu dochodzenia roszcze\u0144 (np. w post\u0119powaniach windykacyjnych) Administrator przetwarza dane w tym celu przez okres przedawnienia roszcze\u0144, wynikaj\u0105cy z przepis\u00f3w kodeksu cywilnego.<\/p>\n\n\n\n<p>Wszelkie dane przetwarzane na potrzeby rachunkowo\u015bci oraz ze wzgl\u0119d\u00f3w podatkowych przetwarzane s\u0105 przez 5 lat pocz\u0105wszy od ko\u0144ca roku kalendarzowego, w kt\u00f3rym powsta\u0142 obowi\u0105zek podatkowy.<\/p>\n\n\n\n<p>W pozosta\u0142ych przypadkach do 5 lat od ustania \u015bwiadczenia us\u0142ug Klientowi lub do czasu wycofania wyra\u017conej zgody lub zg\u0142oszenia skutecznego sprzeciwu wzgl\u0119dem przetwarzania danych w przypadkach, gdy podstaw\u0105 prawn\u0105 przetwarzania danych jest uzasadniony interes Administratora.<\/p>\n\n\n\n<p>Po up\u0142ywie ww. okres\u00f3w dane s\u0105 nieodwracalnie usuwane lub poddane anonimizacji.<\/p>\n\n\n\n<h3 class=\"wp-block-heading\">Uprawnienia u\u017cytkownika<\/h3>\n\n\n\n<p>Osobom, kt\u00f3rych dane dotycz\u0105, przys\u0142uguj\u0105 nast\u0119puj\u0105ce prawa:<\/p>\n\n\n\n<ul class=\"wp-block-list\">\n<li>prawo do informacji o przetwarzaniu danych osobowych \u2013 na tej podstawie osobie zg\u0142aszaj\u0105cej takie \u017c\u0105danie Administrator przekazuje informacj\u0119 o przetwarzaniu danych osobowych, w tym przede wszystkim o celach i podstawach prawnych przetwarzania, zakresie posiadanych danych, podmiotach, kt\u00f3rym dane osobowe s\u0105 ujawniane i planowanym terminie ich usuni\u0119cia,<\/li>\n\n\n\n<li>prawo uzyskania kopii danych \u2013 na tej podstawie Administrator przekazuje kopi\u0119 przetwarzanych danych, dotycz\u0105cych osoby zg\u0142aszaj\u0105cej \u017c\u0105danie,<\/li>\n\n\n\n<li>prawo do sprostowania \u2013 na tej podstawie Administrator usuwa ewentualne niezgodno\u015bci lub b\u0142\u0119dy dotycz\u0105ce przetwarzanych danych osobowych, oraz uzupe\u0142nia je lub aktualizuje, je\u015bli s\u0105 niekompletne lub uleg\u0142y zmianie,<\/li>\n\n\n\n<li>prawo do usuni\u0119cia danych \u2013 na tej podstawie mo\u017cna \u017c\u0105da\u0107 usuni\u0119cia danych, kt\u00f3rych przetwarzanie nie jest ju\u017c niezb\u0119dne do realizowania \u017cadnego z cel\u00f3w, dla kt\u00f3rych zosta\u0142y zebrane,<\/li>\n\n\n\n<li>prawo do ograniczenia przetwarzania \u2013 na tej podstawie Administrator zaprzestaje dokonywania operacji na danych osobowych, z wyj\u0105tkiem operacji, na kt\u00f3re wyrazi\u0142a zgod\u0119 osoba, kt\u00f3rej dane dotycz\u0105 oraz ich przechowywania, zgodnie z przyj\u0119tymi zasadami retencji, lub dop\u00f3ki nie ustan\u0105 przyczyny ograniczenia przetwarzania danych (np. zostanie wydana decyzji organu nadzorczego, zezwalaj\u0105ca na dalsze przetwarzanie danych),<\/li>\n\n\n\n<li>prawo do przenoszenia danych \u2013 na tej podstawie, w zakresie w jakim dane s\u0105 przetwarzane w zwi\u0105zku z zawart\u0105 umow\u0105 lub wyra\u017con\u0105 zgod\u0105, Administrator wydaje dane dostarczone przez osob\u0119, kt\u00f3rej one dotycz\u0105, w formacie pozwalaj\u0105cym na ich odczyt przez komputer. Mo\u017cliwe jest tak\u017ce za\u017c\u0105danie przes\u0142ania tych danych innemu podmiotowi \u2013 jednak pod warunkiem, \u017ce istniej\u0105 w tym zakresie techniczne mo\u017cliwo\u015bci zar\u00f3wno po stronie Administratora jak i tego innego podmiotu,<\/li>\n\n\n\n<li>prawo sprzeciwu wobec przetwarzania danych w celach marketingowych \u2013 osoba, kt\u00f3rej dane dotycz\u0105, mo\u017ce w ka\u017cdym czasie sprzeciwi\u0107 si\u0119 przetwarzaniu danych osobowych w celach marketingowych, bez konieczno\u015bci uzasadnienia takiego sprzeciwu,<\/li>\n\n\n\n<li>prawo sprzeciwu wobec innych cel\u00f3w przetwarzania danych \u2013 osoba, kt\u00f3rej dane dotycz\u0105, mo\u017ce w ka\u017cdym czasie sprzeciwi\u0107 si\u0119 przetwarzaniu danych osobowych na podstawie uzasadnionego interesu Administratora (np. dla cel\u00f3w analitycznych lub statystycznych lub ze wzgl\u0119d\u00f3w zwi\u0105zanych z ochron\u0105 mienia). Sprzeciw w tym zakresie powinien zawiera\u0107 uzasadnienie oraz podlega ocenie Administratora,<\/li>\n\n\n\n<li>prawo wycofania zgody \u2013 je\u015bli dane przetwarzane s\u0105 na podstawie zgody osoba, kt\u00f3rej dane dotycz\u0105, ma prawo j\u0105 wycofa\u0107 w dowolnym momencie, co jednak nie wp\u0142ywa na zgodno\u015b\u0107 z prawem przetwarzania dokonanego przed wycofaniem tej zgody,<\/li>\n\n\n\n<li>prawo do skargi \u2013 w przypadku uznania, \u017ce przetwarzanie danych osobowych narusza przepisy RODO lub inne przepisy dotycz\u0105ce ochrony danych osobowych, osoba, kt\u00f3rej dane dotycz\u0105, mo\u017ce z\u0142o\u017cy\u0107 skarg\u0119 do Prezesa Urz\u0119du Ochrony Danych Osobowych.<\/li>\n<\/ul>\n\n\n\n<p>Wniosek dotycz\u0105cy realizacji praw podmiot\u00f3w danych, mo\u017cna z\u0142o\u017cy\u0107:<\/p>\n\n\n\n<ul class=\"wp-block-list\">\n<li>w formie pisemnej na adres: Magdalena Krych, ul. Pocztowa 2, 11-500 Gi\u017cycko, skrytka pocztowa 108<\/li>\n\n\n\n<li>drog\u0105 e-mailow\u0105 na adres: wsparcie@magdalenakrych.com<\/li>\n<\/ul>\n\n\n\n<p>Wniosek powinien w miar\u0119 mo\u017cliwo\u015bci precyzyjnie wskazywa\u0107, czego dotyczy \u017c\u0105danie, tj. w szczeg\u00f3lno\u015bci:<\/p>\n\n\n\n<ul class=\"wp-block-list\">\n<li>z jakiego uprawnienia chce skorzysta\u0107 osoba sk\u0142adaj\u0105ca wniosek (np. prawo do otrzymania kopii danych, prawo do usuni\u0119cia danych, itd.),<\/li>\n\n\n\n<li>jakiego procesu przetwarzania dotyczy \u017c\u0105danie (np. korzystanie z okre\u015blonej us\u0142ugi, aktywno\u015b\u0107 w okre\u015blonym serwisie internetowym, otrzymywanie informacji handlowe na okre\u015blony adres email, itp.),<\/li>\n\n\n\n<li>jakich cel\u00f3w przetwarzania dotyczy \u017c\u0105danie (np. cele marketingowe, cele analityczne, itp.).<\/li>\n<\/ul>\n\n\n\n<p>Je\u017celi Administrator nie b\u0119dzie w stanie ustali\u0107 tre\u015bci \u017c\u0105dania lub zidentyfikowa\u0107 osoby sk\u0142adaj\u0105cej wniosek w oparciu o dokonane zg\u0142oszenie, zwr\u00f3ci si\u0119 do wnioskodawcy o dodatkowe informacje.<\/p>\n\n\n\n<p>Odpowied\u017a na zg\u0142oszenia zostanie udzielona w ci\u0105gu miesi\u0105ca od jego otrzymania. W razie konieczno\u015bci przed\u0142u\u017cenia tego terminu, Administrator poinformuje wnioskodawc\u0119 o przyczynach takiego przed\u0142u\u017cenia.<\/p>\n\n\n\n<p>Odpowied\u017a b\u0119dzie udzielana na adres e-mail, z kt\u00f3rego przes\u0142ano wniosek, a w przypadku wniosk\u00f3w skierowanych listownie, listem zwyk\u0142ym na adres wskazany przez wnioskodawc\u0119, o ile z tre\u015bci listu nie b\u0119dzie wynika\u0142a ch\u0119\u0107 otrzymania informacji zwrotnej na adres e-mail (w takim przypadku nale\u017cy poda\u0107 adres email).<\/p>\n\n\n\n<h3 class=\"wp-block-heading\">Odbiorcy danych<\/h3>\n\n\n\n<p>W zwi\u0105zku z realizacj\u0105 us\u0142ug dane osobowe b\u0119d\u0105 ujawniane zewn\u0119trznym podmiotom, w tym w szczeg\u00f3lno\u015bci dostawcom odpowiedzialnym za obs\u0142ug\u0119 system\u00f3w informatycznych, podmiotom takim jak banki i operatorzy p\u0142atno\u015bci, podmioty \u015bwiadcz\u0105ce us\u0142ugi ksi\u0119gowe, prawne, windykacyjne.<\/p>\n\n\n\n<p>W przypadku uzyskania zgody Klienta jego dane mog\u0105 zosta\u0107 tak\u017ce udost\u0119pnione innym podmiotom do ich w\u0142asnych cel\u00f3w, w tym cel\u00f3w marketingowych.<\/p>\n\n\n\n<p>Administrator zastrzega sobie prawo ujawnienia wybranych informacji dotycz\u0105cych Klienta w\u0142a\u015bciwym organom b\u0105d\u017a osobom trzecim, kt\u00f3re zg\u0142osz\u0105 \u017c\u0105danie udzielenia takich informacji, opieraj\u0105c si\u0119 na odpowiedniej podstawie prawnej oraz zgodnie z przepisami obowi\u0105zuj\u0105cego prawa.<\/p>\n\n\n\n<h3 class=\"wp-block-heading\">Bezpiecze\u0144stwo danych osobowych<\/h3>\n\n\n\n<p>Administrator na bie\u017c\u0105co prowadzi analiz\u0119 ryzyka w celu zapewnienia, \u017ce dane osobowe przetwarzane s\u0105 przez niego w spos\u00f3b bezpieczny \u2013 zapewniaj\u0105cy przede wszystkim, \u017ce dost\u0119p do danych maj\u0105 jedynie osoby upowa\u017cnione i jedynie w zakresie, w jakim jest to niezb\u0119dne ze wzgl\u0119du na wykonywane przez nie zadania. Administrator prowadzi rejestr czynno\u015bci przetwarzania i dba o to, by wszystkie operacje na danych osobowych by\u0142y rejestrowane i dokonywane jedynie przez osoby uprawnione, z wy\u0142\u0105czeniem dost\u0119pu do danych wra\u017cliwych, przetwarzanych wy\u0142\u0105cznie przez Administratora.<\/p>\n\n\n\n<p>Administrator podejmuje wszelkie niezb\u0119dne dzia\u0142ania, by tak\u017ce jego podwykonawcy i inne podmioty wsp\u00f3\u0142pracuj\u0105ce dawa\u0142y gwarancj\u0119 stosowania odpowiednich \u015brodk\u00f3w bezpiecze\u0144stwa w ka\u017cdym przypadku, gdy przetwarzaj\u0105 dane osobowe na zlecenie Administratora.<\/p>\n\n\n\n<h3 class=\"wp-block-heading\">Dane kontaktowe<\/h3>\n\n\n\n<p>Kontakt z Administratorem jest mo\u017cliwy poprzez adres: EMBRACE THE PARADOX Magdalena Krych ul. Kajki 10-12, 10-574 Olsztyn lub mailowo: wsparcie@magdalenakrych.com<\/p>\n\n\n\n<h3 class=\"wp-block-heading\">Zmiany niniejszej Polityki<\/h3>\n\n\n\n<p>Administrator zastrzega sobie prawo do zmian polityki prywatno\u015bci, o ile b\u0119dzie to konieczne ze wzgl\u0119du na rozw\u00f3j nowych technologii lub z innych istotnych przyczyn. U\u017cytkownicy proszeni s\u0105 o upewnienie si\u0119, i\u017c zaznajomieni s\u0105 z aktualn\u0105 wersj\u0105 Polityki.<\/p>\n","protected":false},"excerpt":{"rendered":"<p>Definicje Administrator danych osobowych (dalej \u201eAdministrator\u201d) \u2013 EMBRACE THE PARADOX Magdalena Krych prowadz\u0105ca us\u0142ugi online pod adresem internetowym https:\/\/www.magdalenakrych.com Dane osobowe \u2013 wszystkie informacje o osobie fizycznej zidentyfikowanej lub mo\u017cliwej do zidentyfikowania poprzez jeden b\u0105d\u017a kilka szczeg\u00f3lnych czynnik\u00f3w okre\u015blaj\u0105cych fizyczn\u0105, fizjologiczn\u0105, genetyczn\u0105, psychiczn\u0105, ekonomiczn\u0105, kulturow\u0105 lub spo\u0142eczn\u0105 to\u017csamo\u015b\u0107, w tym IP urz\u0105dzenia, dane o lokalizacji, [&hellip;]<\/p>\n","protected":false},"author":1,"featured_media":2259,"parent":0,"menu_order":0,"comment_status":"closed","ping_status":"closed","template":"","meta":{"footnotes":""},"class_list":["post-3","page","type-page","status-publish","has-post-thumbnail","hentry"],"_links":{"self":[{"href":"https:\/\/www.magdalenakrych.com\/index.php\/wp-json\/wp\/v2\/pages\/3","targetHints":{"allow":["GET"]}}],"collection":[{"href":"https:\/\/www.magdalenakrych.com\/index.php\/wp-json\/wp\/v2\/pages"}],"about":[{"href":"https:\/\/www.magdalenakrych.com\/index.php\/wp-json\/wp\/v2\/types\/page"}],"author":[{"embeddable":true,"href":"https:\/\/www.magdalenakrych.com\/index.php\/wp-json\/wp\/v2\/users\/1"}],"replies":[{"embeddable":true,"href":"https:\/\/www.magdalenakrych.com\/index.php\/wp-json\/wp\/v2\/comments?post=3"}],"version-history":[{"count":10,"href":"https:\/\/www.magdalenakrych.com\/index.php\/wp-json\/wp\/v2\/pages\/3\/revisions"}],"predecessor-version":[{"id":1984,"href":"https:\/\/www.magdalenakrych.com\/index.php\/wp-json\/wp\/v2\/pages\/3\/revisions\/1984"}],"wp:featuredmedia":[{"embeddable":true,"href":"https:\/\/www.magdalenakrych.com\/index.php\/wp-json\/wp\/v2\/media\/2259"}],"wp:attachment":[{"href":"https:\/\/www.magdalenakrych.com\/index.php\/wp-json\/wp\/v2\/media?parent=3"}],"curies":[{"name":"wp","href":"https:\/\/api.w.org\/{rel}","templated":true}]}}